{"id":6,"date":"2023-05-31T11:45:30","date_gmt":"2023-05-31T09:45:30","guid":{"rendered":"http:\/\/www.lamanofacture.com\/?page_id=6"},"modified":"2023-06-02T03:59:14","modified_gmt":"2023-06-02T01:59:14","slug":"a-propos-de","status":"publish","type":"page","link":"https:\/\/www.lamanofacture.com\/index.php\/a-propos-de\/","title":{"rendered":"\u00c0 propos de"},"content":{"rendered":"\n<p class=\"has-text-align-center\">La Manofacture,<br>des objets faits \u00e0 la main pour vous<br>\u00e0 partir de mat\u00e9riaux recycl\u00e9s<br>soigneusement s\u00e9lectionn\u00e9s<br>qui engagent des savoir-faire<br>traditionnels et contemporains<br>dans un cadre local et saisonnier.<br><\/p>\n\n\n\n<div class=\"wp-block-columns is-layout-flex wp-container-core-columns-is-layout-9d6595d7 wp-block-columns-is-layout-flex\"><\/div>\n","protected":false},"excerpt":{"rendered":"<p>La Manofacture,des objets faits \u00e0 la main pour vous\u00e0 partir de mat\u00e9riaux recycl\u00e9ssoigneusement s\u00e9lectionn\u00e9squi engagent des savoir-fairetraditionnels et contemporainsdans un cadre local et saisonnier.<\/p>\n","protected":false},"author":1,"featured_media":0,"parent":0,"menu_order":0,"comment_status":"closed","ping_status":"closed","template":"","meta":{"footnotes":""},"class_list":["post-6","page","type-page","status-publish","hentry","entry"],"_links":{"self":[{"href":"https:\/\/www.lamanofacture.com\/index.php\/wp-json\/wp\/v2\/pages\/6","targetHints":{"allow":["GET"]}}],"collection":[{"href":"https:\/\/www.lamanofacture.com\/index.php\/wp-json\/wp\/v2\/pages"}],"about":[{"href":"https:\/\/www.lamanofacture.com\/index.php\/wp-json\/wp\/v2\/types\/page"}],"author":[{"embeddable":true,"href":"https:\/\/www.lamanofacture.com\/index.php\/wp-json\/wp\/v2\/users\/1"}],"replies":[{"embeddable":true,"href":"https:\/\/www.lamanofacture.com\/index.php\/wp-json\/wp\/v2\/comments?post=6"}],"version-history":[{"count":9,"href":"https:\/\/www.lamanofacture.com\/index.php\/wp-json\/wp\/v2\/pages\/6\/revisions"}],"predecessor-version":[{"id":76,"href":"https:\/\/www.lamanofacture.com\/index.php\/wp-json\/wp\/v2\/pages\/6\/revisions\/76"}],"wp:attachment":[{"href":"https:\/\/www.lamanofacture.com\/index.php\/wp-json\/wp\/v2\/media?parent=6"}],"curies":[{"name":"wp","href":"https:\/\/api.w.org\/{rel}","templated":true}]}}